{"id":244,"date":"2022-10-27T13:16:55","date_gmt":"2022-10-27T13:16:55","guid":{"rendered":"https:\/\/twisteditors.com\/terminos-y-condiciones\/"},"modified":"2022-11-08T09:50:43","modified_gmt":"2022-11-08T09:50:43","slug":"termes-i-condicions","status":"publish","type":"page","link":"https:\/\/twisteditors.com\/ca\/termes-i-condicions\/","title":{"rendered":"Termes i condicions"},"content":{"rendered":"<div>\n<h4>Qui \u00e9s el responsable de les vostres dades?<\/h4>\n<p>\nD\u2019acord amb el que estableix la Llei org\u00e0nica 3\/2018, de 5 de desembre, de protecci\u00f3 de dades personals i garantia dels drets digitals (LOPD) i el Reglament general de protecci\u00f3 de dades (RGPD) de 27 d\u2019abril de 2016, us informem que les dades personals aportades seran tractades per Twist Editors amb domicili a C\/ Diputaci\u00f3 118, 4t 1a Esquerra 08015 Barcelona.<\/p>\n<h4>Quins s\u00f3n els vostres drets quan ens faciliteu les vostres dades?<\/h4>\n<p>Qualsevol persona t\u00e9 dret a sol\u00b7licitar l\u2019acc\u00e9s, rectificaci\u00f3, supressi\u00f3, limitaci\u00f3 del tractament, oposici\u00f3 o dret a la portabilitat de les vostres dades personals, escrivint-nos a l\u2019adre\u00e7a indicada anteriorment, o enviant un correu electr\u00f2nic a info@twisteditors.com indicant el dret que vol exercir.<\/p>\n<p>Tindr\u00e0 dret igualment a retirar el consentiment prestat en qualsevol moment. La retirada del consentiment no afecta la licitud del tractament efectuat abans de la retirada del consentiment esmentat.<\/p>\n<p>Teniu dret a presentar una reclamaci\u00f3 davant l\u2019autoritat de control si considereu que poden haver estat vulnerats els vostres drets pel que fa a la protecci\u00f3 de les vostres dades personals.<\/p>\n<\/div>\n<p><!--more--><br \/>\n<!-- {\"type\":\"layout\",\"children\":[{\"type\":\"section\",\"props\":{\"style\":\"default\",\"width\":\"default\",\"vertical_align\":\"middle\",\"title_position\":\"top-left\",\"title_rotation\":\"left\",\"title_breakpoint\":\"xl\",\"image_position\":\"center-center\"},\"children\":[{\"type\":\"row\",\"children\":[{\"type\":\"column\",\"props\":{\"position_sticky_breakpoint\":\"m\",\"image_position\":\"center-center\",\"media_overlay_gradient\":\"\"},\"children\":[{\"type\":\"text\",\"props\":{\"margin\":\"default\",\"column_breakpoint\":\"m\",\"maxwidth\":\"2xlarge\",\"block_align\":\"center\",\"content\":\"\n\n<h4>Qui \\u00e9s el responsable de les vostres dades?<\\\/h4>\\n\n\n<p>\\nD\\u2019acord amb el que estableix la Llei org\\u00e0nica 3\\\/2018, de 5 de desembre, de protecci\\u00f3 de dades personals i garantia dels drets digitals (LOPD) i el Reglament general de protecci\\u00f3 de dades (RGPD) de 27 d\\u2019abril de 2016, us informem que les dades personals aportades seran tractades per Twist Editors amb domicili a C\\\/ Diputaci\\u00f3 118, 4t 1a Esquerra 08015 Barcelona.<\\\/p>\\n\\n\n\n<h4>Quins s\\u00f3n els vostres drets quan ens faciliteu les vostres dades?<\\\/h4>\\n\n\n<p>Qualsevol persona t\\u00e9 dret a sol\\u00b7licitar l\\u2019acc\\u00e9s, rectificaci\\u00f3, supressi\\u00f3, limitaci\\u00f3 del tractament, oposici\\u00f3 o dret a la portabilitat de les vostres dades personals, escrivint-nos a l\\u2019adre\\u00e7a indicada anteriorment, o enviant un correu electr\\u00f2nic a info@twisteditors.com indicant el dret que vol exercir.<\\\/p>\\n\\n\n\n<p>Tindr\\u00e0 dret igualment a retirar el consentiment prestat en qualsevol moment. La retirada del consentiment no afecta la licitud del tractament efectuat abans de la retirada del consentiment esmentat.<\\\/p>\\n\\n\n\n<p>Teniu dret a presentar una reclamaci\\u00f3 davant l\\u2019autoritat de control si considereu que poden haver estat vulnerats els vostres drets pel que fa a la protecci\\u00f3 de les vostres dades personals.<\\\/p>\"}}]}]}]}],\"version\":\"3.0.9\"} --><\/p>\n","protected":false},"excerpt":{"rendered":"<p>Qui \u00e9s el responsable de les vostres dades? D\u2019acord amb el que estableix la Llei org\u00e0nica 3\/2018, de 5 de desembre, de protecci\u00f3 de dades personals i garantia dels drets digitals (LOPD) i el Reglament general de protecci\u00f3 de dades (RGPD) de 27 d\u2019abril de 2016, us informem que les dades personals aportades seran tractades [&hellip;]<\/p>\n","protected":false},"author":1,"featured_media":0,"parent":0,"menu_order":0,"comment_status":"closed","ping_status":"closed","template":"","meta":{"footnotes":""},"class_list":["post-244","page","type-page","status-publish","hentry"],"yoast_head":"<!-- This site is optimized with the Yoast SEO plugin v23.6 - https:\/\/yoast.com\/wordpress\/plugins\/seo\/ -->\n<title>Termes i condicions - Twist Editors<\/title>\n<meta name=\"robots\" content=\"index, follow, max-snippet:-1, max-image-preview:large, max-video-preview:-1\" \/>\n<link rel=\"canonical\" href=\"https:\/\/twisteditors.com\/ca\/termes-i-condicions\/\" \/>\n<meta property=\"og:locale\" content=\"ca_ES\" \/>\n<meta property=\"og:type\" content=\"article\" \/>\n<meta property=\"og:title\" content=\"Termes i condicions - Twist Editors\" \/>\n<meta property=\"og:description\" content=\"Qui \u00e9s el responsable de les vostres dades? D\u2019acord amb el que estableix la Llei org\u00e0nica 3\/2018, de 5 de desembre, de protecci\u00f3 de dades personals i garantia dels drets digitals (LOPD) i el Reglament general de protecci\u00f3 de dades (RGPD) de 27 d\u2019abril de 2016, us informem que les dades personals aportades seran tractades [&hellip;]\" \/>\n<meta property=\"og:url\" content=\"https:\/\/twisteditors.com\/ca\/termes-i-condicions\/\" \/>\n<meta property=\"og:site_name\" content=\"Twist Editors\" \/>\n<meta property=\"article:modified_time\" content=\"2022-11-08T09:50:43+00:00\" \/>\n<meta name=\"twitter:card\" content=\"summary_large_image\" \/>\n<meta name=\"twitter:label1\" content=\"Temps estimat de lectura\" \/>\n\t<meta name=\"twitter:data1\" content=\"1 minut\" \/>\n<script type=\"application\/ld+json\" class=\"yoast-schema-graph\">{\"@context\":\"https:\/\/schema.org\",\"@graph\":[{\"@type\":\"WebPage\",\"@id\":\"https:\/\/twisteditors.com\/ca\/termes-i-condicions\/\",\"url\":\"https:\/\/twisteditors.com\/ca\/termes-i-condicions\/\",\"name\":\"Termes i condicions - Twist Editors\",\"isPartOf\":{\"@id\":\"https:\/\/twisteditors.com\/ca\/#website\"},\"datePublished\":\"2022-10-27T13:16:55+00:00\",\"dateModified\":\"2022-11-08T09:50:43+00:00\",\"breadcrumb\":{\"@id\":\"https:\/\/twisteditors.com\/ca\/termes-i-condicions\/#breadcrumb\"},\"inLanguage\":\"ca\",\"potentialAction\":[{\"@type\":\"ReadAction\",\"target\":[\"https:\/\/twisteditors.com\/ca\/termes-i-condicions\/\"]}]},{\"@type\":\"BreadcrumbList\",\"@id\":\"https:\/\/twisteditors.com\/ca\/termes-i-condicions\/#breadcrumb\",\"itemListElement\":[{\"@type\":\"ListItem\",\"position\":1,\"name\":\"Portada\",\"item\":\"https:\/\/twisteditors.com\/ca\/\"},{\"@type\":\"ListItem\",\"position\":2,\"name\":\"Termes i condicions\"}]},{\"@type\":\"WebSite\",\"@id\":\"https:\/\/twisteditors.com\/ca\/#website\",\"url\":\"https:\/\/twisteditors.com\/ca\/\",\"name\":\"Twist Editors\",\"description\":\"En Twist editamos\",\"publisher\":{\"@id\":\"https:\/\/twisteditors.com\/ca\/#organization\"},\"potentialAction\":[{\"@type\":\"SearchAction\",\"target\":{\"@type\":\"EntryPoint\",\"urlTemplate\":\"https:\/\/twisteditors.com\/ca\/?s={search_term_string}\"},\"query-input\":{\"@type\":\"PropertyValueSpecification\",\"valueRequired\":true,\"valueName\":\"search_term_string\"}}],\"inLanguage\":\"ca\"},{\"@type\":\"Organization\",\"@id\":\"https:\/\/twisteditors.com\/ca\/#organization\",\"name\":\"Twist Editors\",\"url\":\"https:\/\/twisteditors.com\/ca\/\",\"logo\":{\"@type\":\"ImageObject\",\"inLanguage\":\"ca\",\"@id\":\"https:\/\/twisteditors.com\/ca\/#\/schema\/logo\/image\/\",\"url\":\"https:\/\/twisteditors.com\/wp-content\/uploads\/2022\/10\/logo_twist_editors.svg\",\"contentUrl\":\"https:\/\/twisteditors.com\/wp-content\/uploads\/2022\/10\/logo_twist_editors.svg\",\"width\":1,\"height\":1,\"caption\":\"Twist Editors\"},\"image\":{\"@id\":\"https:\/\/twisteditors.com\/ca\/#\/schema\/logo\/image\/\"}}]}<\/script>\n<!-- \/ Yoast SEO plugin. -->","yoast_head_json":{"title":"Termes i condicions - Twist Editors","robots":{"index":"index","follow":"follow","max-snippet":"max-snippet:-1","max-image-preview":"max-image-preview:large","max-video-preview":"max-video-preview:-1"},"canonical":"https:\/\/twisteditors.com\/ca\/termes-i-condicions\/","og_locale":"ca_ES","og_type":"article","og_title":"Termes i condicions - Twist Editors","og_description":"Qui \u00e9s el responsable de les vostres dades? D\u2019acord amb el que estableix la Llei org\u00e0nica 3\/2018, de 5 de desembre, de protecci\u00f3 de dades personals i garantia dels drets digitals (LOPD) i el Reglament general de protecci\u00f3 de dades (RGPD) de 27 d\u2019abril de 2016, us informem que les dades personals aportades seran tractades [&hellip;]","og_url":"https:\/\/twisteditors.com\/ca\/termes-i-condicions\/","og_site_name":"Twist Editors","article_modified_time":"2022-11-08T09:50:43+00:00","twitter_card":"summary_large_image","twitter_misc":{"Temps estimat de lectura":"1 minut"},"schema":{"@context":"https:\/\/schema.org","@graph":[{"@type":"WebPage","@id":"https:\/\/twisteditors.com\/ca\/termes-i-condicions\/","url":"https:\/\/twisteditors.com\/ca\/termes-i-condicions\/","name":"Termes i condicions - Twist Editors","isPartOf":{"@id":"https:\/\/twisteditors.com\/ca\/#website"},"datePublished":"2022-10-27T13:16:55+00:00","dateModified":"2022-11-08T09:50:43+00:00","breadcrumb":{"@id":"https:\/\/twisteditors.com\/ca\/termes-i-condicions\/#breadcrumb"},"inLanguage":"ca","potentialAction":[{"@type":"ReadAction","target":["https:\/\/twisteditors.com\/ca\/termes-i-condicions\/"]}]},{"@type":"BreadcrumbList","@id":"https:\/\/twisteditors.com\/ca\/termes-i-condicions\/#breadcrumb","itemListElement":[{"@type":"ListItem","position":1,"name":"Portada","item":"https:\/\/twisteditors.com\/ca\/"},{"@type":"ListItem","position":2,"name":"Termes i condicions"}]},{"@type":"WebSite","@id":"https:\/\/twisteditors.com\/ca\/#website","url":"https:\/\/twisteditors.com\/ca\/","name":"Twist Editors","description":"En Twist editamos","publisher":{"@id":"https:\/\/twisteditors.com\/ca\/#organization"},"potentialAction":[{"@type":"SearchAction","target":{"@type":"EntryPoint","urlTemplate":"https:\/\/twisteditors.com\/ca\/?s={search_term_string}"},"query-input":{"@type":"PropertyValueSpecification","valueRequired":true,"valueName":"search_term_string"}}],"inLanguage":"ca"},{"@type":"Organization","@id":"https:\/\/twisteditors.com\/ca\/#organization","name":"Twist Editors","url":"https:\/\/twisteditors.com\/ca\/","logo":{"@type":"ImageObject","inLanguage":"ca","@id":"https:\/\/twisteditors.com\/ca\/#\/schema\/logo\/image\/","url":"https:\/\/twisteditors.com\/wp-content\/uploads\/2022\/10\/logo_twist_editors.svg","contentUrl":"https:\/\/twisteditors.com\/wp-content\/uploads\/2022\/10\/logo_twist_editors.svg","width":1,"height":1,"caption":"Twist Editors"},"image":{"@id":"https:\/\/twisteditors.com\/ca\/#\/schema\/logo\/image\/"}}]}},"_links":{"self":[{"href":"https:\/\/twisteditors.com\/ca\/wp-json\/wp\/v2\/pages\/244"}],"collection":[{"href":"https:\/\/twisteditors.com\/ca\/wp-json\/wp\/v2\/pages"}],"about":[{"href":"https:\/\/twisteditors.com\/ca\/wp-json\/wp\/v2\/types\/page"}],"author":[{"embeddable":true,"href":"https:\/\/twisteditors.com\/ca\/wp-json\/wp\/v2\/users\/1"}],"replies":[{"embeddable":true,"href":"https:\/\/twisteditors.com\/ca\/wp-json\/wp\/v2\/comments?post=244"}],"version-history":[{"count":6,"href":"https:\/\/twisteditors.com\/ca\/wp-json\/wp\/v2\/pages\/244\/revisions"}],"predecessor-version":[{"id":280,"href":"https:\/\/twisteditors.com\/ca\/wp-json\/wp\/v2\/pages\/244\/revisions\/280"}],"wp:attachment":[{"href":"https:\/\/twisteditors.com\/ca\/wp-json\/wp\/v2\/media?parent=244"}],"curies":[{"name":"wp","href":"https:\/\/api.w.org\/{rel}","templated":true}]}}