{"id":250,"date":"2022-10-20T16:33:55","date_gmt":"2022-10-20T16:33:55","guid":{"rendered":"https:\/\/twisteditors.com\/twist-editors\/"},"modified":"2024-03-01T15:02:07","modified_gmt":"2024-03-01T15:02:07","slug":"twist-editors","status":"publish","type":"page","link":"https:\/\/twisteditors.com\/ca\/","title":{"rendered":"Twist Editors"},"content":{"rendered":"<ul>\n<li>\n<p>        <img decoding=\"async\" src=\"\/wp-content\/uploads\/2022\/10\/twist_3d_ca.svg\" alt=\"\"><\/p>\n<h3>twist_1a<\/h3>\n<\/li>\n<li>\n<p>        <img decoding=\"async\" src=\"\/wp-content\/uploads\/2022\/10\/twist_2d.svg\" alt=\"\"><\/p>\n<h3>twist_1a<\/h3>\n<\/li>\n<li>\n<p>        <img decoding=\"async\" src=\"\/wp-content\/uploads\/2022\/10\/twist_1d_ca.svg\" alt=\"\"><\/p>\n<h3>twist_1a<\/h3>\n<\/li>\n<\/ul>\n<div>\n<h2 class=\"uk-font-tertiary\">A <span class=\"twist\">TWIST<\/span> EDITEM<br \/>\n<\/h2>\n<\/div>\n<div>\n<p>Els ballarins de twist, seguint el mateix ritme i sense fregar-se,<br \/>\nconverteixen la m\u00fasica en ball. Un, dos, twist. Fem els passos per<br \/>\ntransformar la teva idea en un llibre. Assessorem, redactem,<br \/>\ncorregim, tradu\u00efm, dissenyem i maquetem.\u00a0\n<\/p>\n<p>Cuidem tots els detalls del projecte.<\/p>\n<\/div>\n<p><img decoding=\"async\" src=\"\/wp-content\/uploads\/2022\/10\/twist_0.5-bo-ca.gif\" alt=\"\"><\/p>\n<div>Adaptaci\u00f3 animada de\u00a0\u00abHow To Do The Twist\u00bb\u00a0de Don Pallini per a la<br \/>\ncontraportada de l&#39;\u00e0lbum\u00a0<i>Do the twist!\u00a0with Ray Charles<\/i>, publicat per<br \/>\nAtlantic Recording el 1961.<\/div>\n<div>\n<h2 class=\"uk-font-tertiary\">A <span class=\"twist\">TWIST<\/span> FEM<br \/>\n<\/h2>\n<\/div>\n<div>\n<h4 class=\"uk-font-tertiary\"><span class=\"twist\">ASSESSORIA<br \/>\nCREACI\u00d3<br \/>\nCOORDINACI\u00d3<br \/>\nINFORMES DE LECTURA<br \/>\nREDACCI\u00d3<br \/>\nEDITING<br \/>\nCORRECCI\u00d3<br \/>\nTRADUCCI\u00d3<br \/>\nDISSENY<br \/>\nMAQUETACI\u00d3<br \/>\nDOCUMENTACI\u00d3<br \/>\nRETOC FOTOGR\u00c0FIC<br \/>\nFOTOMEC\u00c0NICA<br \/>\nIMPRESSI\u00d3<br \/>\n    <\/span><br \/>\n<\/h4>\n<\/div>\n<div>\n<h2 class=\"uk-font-tertiary\"> <span class=\"twist\">TWIST<\/span> SOM<br \/>\n<\/h2>\n<\/div>\n<div>\n<p>Un grup d&#39;editors amb una s\u00f2lida traject\u00f2ria al sector. Hem treballat<br \/>\nen grans grups i editorials independents. Especialitzats en llibres infantils, cat\u00e0legs,<br \/>\nllibres il\u00b7lustrats, c\u00f2mics, llibres de ficci\u00f3 i de no-ficci\u00f3. Oferim serveis<br \/>\nen tota mena de publicacions.<\/p>\n<\/div>\n<div>\n<p>Explica&#39;ns com et podem ajudar en el teu projecte editorial.<\/p>\n<\/div>\n<div>\n<h2 class=\"uk-font-tertiary\">CONTACTA AMB <span class=\"twist\">TWIST<\/span><br \/>\n<\/h2>\n<\/div>\n<div>\n<div class=\"wpcf7 no-js\" id=\"wpcf7-f248-o1\" lang=\"ca\" dir=\"ltr\">\n<div class=\"screen-reader-response\"><p role=\"status\" aria-live=\"polite\" aria-atomic=\"true\"><\/p> <ul><\/ul><\/div>\n<form action=\"\/ca\/wp-json\/wp\/v2\/pages\/250#wpcf7-f248-o1\" method=\"post\" class=\"wpcf7-form init\" aria-label=\"Formulari de contacte\" novalidate=\"novalidate\" data-status=\"init\">\n<div style=\"display: none;\">\n<input type=\"hidden\" name=\"_wpcf7\" value=\"248\" \/>\n<input type=\"hidden\" name=\"_wpcf7_version\" value=\"5.9.8\" \/>\n<input type=\"hidden\" name=\"_wpcf7_locale\" value=\"ca\" \/>\n<input type=\"hidden\" name=\"_wpcf7_unit_tag\" value=\"wpcf7-f248-o1\" \/>\n<input type=\"hidden\" name=\"_wpcf7_container_post\" value=\"0\" \/>\n<input type=\"hidden\" name=\"_wpcf7_posted_data_hash\" value=\"\" \/>\n<input type=\"hidden\" name=\"_wpcf7_recaptcha_response\" value=\"\" \/>\n<\/div>\n<p><span class=\"wpcf7-form-control-wrap\" data-name=\"nom\"><input size=\"40\" maxlength=\"400\" class=\"wpcf7-form-control wpcf7-text wpcf7-validates-as-required uk-input\" aria-required=\"true\" aria-invalid=\"false\" placeholder=\"Nom i cognoms\" value=\"\" type=\"text\" name=\"nom\" \/><\/span>\n<\/p>\n<p><span class=\"wpcf7-form-control-wrap\" data-name=\"email-56\"><input size=\"40\" maxlength=\"400\" class=\"wpcf7-form-control wpcf7-email wpcf7-validates-as-required wpcf7-text wpcf7-validates-as-email uk-input\" aria-required=\"true\" aria-invalid=\"false\" placeholder=\"e-mail\" value=\"\" type=\"email\" name=\"email-56\" \/><\/span>\n<\/p>\n<p><span class=\"wpcf7-form-control-wrap\" data-name=\"telefon\"><input size=\"40\" maxlength=\"400\" class=\"wpcf7-form-control wpcf7-tel wpcf7-text wpcf7-validates-as-tel uk-input\" aria-invalid=\"false\" placeholder=\"Tel\u00e8fon\" value=\"\" type=\"tel\" name=\"telefon\" \/><\/span>\n<\/p>\n<p><span class=\"wpcf7-form-control-wrap\" data-name=\"missatge\"><textarea cols=\"40\" rows=\"4\" maxlength=\"2000\" class=\"wpcf7-form-control wpcf7-textarea uk-textarea\" aria-invalid=\"false\" placeholder=\"Missatge\" name=\"missatge\"><\/textarea><\/span>\n<\/p>\n<p class=\"uk-text-small\"><br \/>\n<span class=\"wpcf7-form-control-wrap\" data-name=\"acceptance-294\"><span class=\"wpcf7-form-control wpcf7-acceptance\"><span class=\"wpcf7-list-item\"><label><input type=\"checkbox\" name=\"acceptance-294\" value=\"1\" class=\"uk-radio\" aria-invalid=\"false\" \/><span class=\"wpcf7-list-item-label\">Accepto els <a href=\" https:\/\/twisteditors.com\/ca\/termes-i-condicions\/\" target=\"_blank\">termes i condicions<\/a><\/p><\/span><\/label><\/span><\/span><\/span><br \/>\n<input class=\"wpcf7-form-control wpcf7-submit has-spinner uk-button uk-button-default uk-align-right\" type=\"submit\" value=\"Enviar\" \/>\n<\/p><div class=\"wpcf7-response-output\" aria-hidden=\"true\"><\/div>\n<\/form>\n<\/div>\n<\/div>\n<p>\n    <a href=\"mailto:info@twisteditors.com\">info@twisteditors.com<\/a>\n<\/p>\n<p><img decoding=\"async\" src=\"\/wp-content\/uploads\/2022\/10\/logo_twist_editors_w.svg\" alt=\"\"><\/p>\n<ul>\n<li><a href=\"https:\/\/www.instagram.com\/twisteditors\/\">instagram<\/a>\n<\/li>\n<li><a href=\"https:\/\/twitter.com\/TwistEditors\">twitter<\/a>\n<\/li>\n<li><a href=\"https:\/\/www.linkedin.com\/company\/twist-editors\/\">linkedin<\/a>\n<\/li>\n<\/ul>\n<ul>\n<li>\n        <a href=\"\/ca\/avis-legal\/\">Avis Legal<\/a>\n    <\/li>\n<li>\n        <a href=\"\/ca\/politica-de-privacitat\/\">Pol\u00edtica de privacitat<\/a>\n    <\/li>\n<li>\n        <a href=\"\/ca\/politica-de-cookies\/\">Pol\u00edtica de cookies<\/a>\n    <\/li>\n<\/ul>\n<p><!--more--><br \/>\n<!-- {\"type\":\"layout\",\"children\":[{\"type\":\"section\",\"props\":{\"animation\":\"fade\",\"animation_delay\":\"200\",\"image_position\":\"center-center\",\"style\":\"default\",\"title_breakpoint\":\"xl\",\"title_position\":\"top-left\",\"title_rotation\":\"left\",\"vertical_align\":\"middle\",\"width\":\"default\"},\"children\":[{\"type\":\"row\",\"children\":[{\"type\":\"column\",\"props\":{\"image_position\":\"center-center\",\"position_sticky_breakpoint\":\"m\"},\"children\":[{\"type\":\"slideshow\",\"props\":{\"block_align\":\"center\",\"css\":\".el-image {\\n  filter: drop-shadow(2px 2px 2px rgb(0 0 0 \\\/ 0.2));\\n}\",\"link_style\":\"default\",\"link_text\":\"Read more\",\"margin\":\"default\",\"maxwidth\":\"small\",\"meta_align\":\"below-title\",\"meta_element\":\"div\",\"meta_style\":\"text-meta\",\"nav\":\"\",\"nav_align\":\"center\",\"nav_breakpoint\":\"s\",\"nav_position\":\"bottom-center\",\"nav_position_margin\":\"medium\",\"overlay_animation\":\"parallax\",\"overlay_position\":\"center-left\",\"show_content\":true,\"show_link\":true,\"show_meta\":true,\"show_thumbnail\":true,\"show_title\":false,\"slidenav\":\"\",\"slidenav_breakpoint\":\"s\",\"slidenav_margin\":\"medium\",\"slidenav_outside_breakpoint\":\"xl\",\"slideshow_animation\":\"fade\",\"slideshow_autoplay\":true,\"slideshow_autoplay_interval\":\"1\",\"slideshow_autoplay_pause\":false,\"slideshow_min_height\":\"\",\"slideshow_ratio\":\"150:199\",\"slideshow_velocity\":\"0\",\"thumbnav_height\":\"75\",\"thumbnav_svg_color\":\"emphasis\",\"thumbnav_width\":\"100\",\"title_element\":\"h3\"},\"children\":[{\"type\":\"slideshow_item\",\"props\":{\"image\":\"wp-content\\\/uploads\\\/2022\\\/10\\\/twist_3d_ca.svg\",\"title\":\"twist_1a\"}},{\"type\":\"slideshow_item\",\"props\":{\"image\":\"wp-content\\\/uploads\\\/2022\\\/10\\\/twist_2d.svg\",\"title\":\"twist_1a\"}},{\"type\":\"slideshow_item\",\"props\":{\"image\":\"wp-content\\\/uploads\\\/2022\\\/10\\\/twist_1d_ca.svg\",\"title\":\"twist_1a\"}}]},{\"type\":\"text\",\"props\":{\"animation\":\"slide-bottom-small\",\"column_breakpoint\":\"m\",\"content\":\"\n\n<h2 class=\\\"uk-font-tertiary\\\">A <span class=\\\"twist\\\">TWIST<\\\/span> EDITEM \\n<\\\/h2>\",\"margin\":\"default\",\"text_align\":\"center\"}},{\"type\":\"text\",\"props\":{\"block_align\":\"center\",\"column_breakpoint\":\"m\",\"content\":\"\n\n<p>Els ballarins de twist, seguint el mateix ritme i sense fregar-se,\\nconverteixen la m\\u00fasica en ball. Un, dos, twist. Fem els passos per\\ntransformar la teva idea en un llibre. Assessorem, redactem,\\ncorregim, tradu\\u00efm, dissenyem i maquetem.\\u00a0\\n<\\\/p>\\n\\n\n\n<p>Cuidem tots els detalls del projecte.<\\\/p>\",\"margin\":\"default\",\"maxwidth\":\"xlarge\",\"text_align\":\"center\"}}]}]}]},{\"type\":\"section\",\"props\":{\"animation\":\"fade\",\"animation_delay\":\"200\",\"id\":\"nosaltres\",\"image_position\":\"center-center\",\"style\":\"primary\",\"title_breakpoint\":\"xl\",\"title_position\":\"top-left\",\"title_rotation\":\"left\",\"vertical_align\":\"middle\",\"width\":\"default\"},\"children\":[{\"type\":\"row\",\"children\":[{\"type\":\"column\",\"props\":{\"image_position\":\"center-center\",\"position_sticky_breakpoint\":\"m\"},\"children\":[{\"type\":\"image\",\"props\":{\"block_align\":\"center\",\"image\":\"wp-content\\\/uploads\\\/2022\\\/10\\\/twist_0.5-bo-ca.gif\",\"image_svg_color\":\"emphasis\",\"margin\":\"default\",\"maxwidth\":\"large\"}},{\"type\":\"text\",\"props\":{\"block_align\":\"center\",\"column_breakpoint\":\"m\",\"content\":\"Adaptaci\\u00f3 animada de\\u00a0\\u00abHow To Do The Twist\\u00bb\\u00a0de Don Pallini per a la\\ncontraportada de l&#39;\\u00e0lbum\\u00a0<i>Do the twist!\\u00a0with Ray Charles<\\\/i>, publicat per\\nAtlantic Recording el 1961.\",\"margin\":\"default\",\"maxwidth\":\"medium\",\"text_align\":\"center\",\"text_color\":\"muted\",\"text_style\":\"small\"}},{\"type\":\"text\",\"props\":{\"animation\":\"slide-bottom-small\",\"column_breakpoint\":\"m\",\"content\":\"\n\n<h2 class=\\\"uk-font-tertiary\\\">A <span class=\\\"twist\\\">TWIST<\\\/span> FEM\\n<\\\/h2>\",\"margin\":\"large\",\"margin_remove_bottom\":true,\"text_align\":\"center\"}},{\"type\":\"text\",\"props\":{\"column_breakpoint\":\"m\",\"content\":\"\n\n<h4 class=\\\"uk-font-tertiary\\\"><span class=\\\"twist\\\">ASSESSORIA<br \/>\\nCREACI\\u00d3<br \/>\\nCOORDINACI\\u00d3<br \/>\\nINFORMES DE LECTURA<br \/>\\nREDACCI\\u00d3<br \/>\\nEDITING<br \/>\\nCORRECCI\\u00d3<br \/>\\nTRADUCCI\\u00d3<br \/>\\nDISSENY<br \/>\\nMAQUETACI\\u00d3<br \/>\\nDOCUMENTACI\\u00d3<br \/>\\nRETOC FOTOGR\\u00c0FIC<br \/>\\nFOTOMEC\\u00c0NICA<br \/>\\nIMPRESSI\\u00d3\\n    <\\\/span>\\n<\\\/h4>\",\"margin\":\"default\",\"text_align\":\"center\"}}]}]}]},{\"type\":\"section\",\"props\":{\"animation\":\"fade\",\"animation_delay\":\"200\",\"image_position\":\"center-center\",\"style\":\"primary\",\"title_breakpoint\":\"xl\",\"title_position\":\"top-left\",\"title_rotation\":\"left\",\"vertical_align\":\"middle\",\"width\":\"default\"},\"children\":[{\"type\":\"row\",\"children\":[{\"type\":\"column\",\"props\":{\"image_position\":\"center-center\",\"position_sticky_breakpoint\":\"m\"},\"children\":[{\"type\":\"text\",\"props\":{\"animation\":\"slide-bottom-small\",\"column_breakpoint\":\"m\",\"content\":\"\n\n<h2 class=\\\"uk-font-tertiary\\\"> <span class=\\\"twist\\\">TWIST<\\\/span> SOM\\n<\\\/h2>\",\"margin\":\"default\",\"text_align\":\"center\"}},{\"type\":\"text\",\"props\":{\"block_align\":\"center\",\"column_breakpoint\":\"m\",\"content\":\"\n\n<p>Un grup d&#39;editors amb una s\\u00f2lida traject\\u00f2ria al sector. Hem treballat\\nen grans grups i editorials independents. Especialitzats en llibres infantils, cat\\u00e0legs,\\nllibres il\\u00b7lustrats, c\\u00f2mics, llibres de ficci\\u00f3 i de no-ficci\\u00f3. Oferim serveis\\nen tota mena de publicacions.<\\\/p>\",\"margin\":\"default\",\"maxwidth\":\"xlarge\",\"text_align\":\"center\"}}]}]}]},{\"type\":\"section\",\"props\":{\"animation\":\"fade\",\"animation_delay\":\"200\",\"id\":\"contacte\",\"image_position\":\"center-center\",\"style\":\"default\",\"title_breakpoint\":\"xl\",\"title_position\":\"top-left\",\"title_rotation\":\"left\",\"vertical_align\":\"middle\",\"width\":\"default\"},\"children\":[{\"type\":\"row\",\"children\":[{\"type\":\"column\",\"props\":{\"image_position\":\"center-center\",\"position_sticky_breakpoint\":\"m\"},\"children\":[{\"type\":\"text\",\"props\":{\"block_align\":\"center\",\"column_breakpoint\":\"m\",\"content\":\"\n\n<p>Explica&#39;ns com et podem ajudar en el teu projecte editorial.<\\\/p>\",\"margin\":\"default\",\"maxwidth\":\"xlarge\",\"text_align\":\"center\"}},{\"type\":\"text\",\"props\":{\"animation\":\"slide-bottom-small\",\"column_breakpoint\":\"m\",\"content\":\"\n\n<h2 class=\\\"uk-font-tertiary\\\">CONTACTA AMB <span class=\\\"twist\\\">TWIST<\\\/span>\\n<\\\/h2>\",\"margin\":\"large\",\"margin_remove_bottom\":true,\"text_align\":\"center\"}},{\"type\":\"text\",\"props\":{\"block_align\":\"center\",\"column_breakpoint\":\"m\",\"content\":\"[contact-form-7 id=\\\"248\\\" title=\\\"Formulario de contacto 1\\\"]\",\"margin\":\"default\",\"maxwidth\":\"xlarge\"}}]}]}]},{\"type\":\"section\",\"props\":{\"animation\":\"fade\",\"animation_delay\":\"200\",\"image_position\":\"center-center\",\"style\":\"secondary\",\"title_breakpoint\":\"xl\",\"title_position\":\"top-left\",\"title_rotation\":\"left\",\"vertical_align\":\"middle\",\"width\":\"default\"},\"children\":[{\"type\":\"row\",\"children\":[{\"type\":\"column\",\"props\":{\"image_position\":\"center-center\",\"position_sticky_breakpoint\":\"m\"},\"children\":[{\"type\":\"button\",\"props\":{\"animation\":\"scale-up\",\"grid_column_gap\":\"small\",\"grid_row_gap\":\"small\",\"margin\":\"default\",\"text_align\":\"center\"},\"children\":[{\"type\":\"button_item\",\"props\":{\"button_style\":\"default\",\"content\":\"info@twisteditors.com\",\"icon_align\":\"left\",\"link\":\"mailto:info@twisteditors.com\"}}]},{\"type\":\"image\",\"props\":{\"image\":\"wp-content\\\/uploads\\\/2022\\\/10\\\/logo_twist_editors_w.svg\",\"image_svg_color\":\"emphasis\",\"image_width\":\"400px\",\"margin\":\"default\",\"text_align\":\"center\"}},{\"type\":\"social\",\"props\":{\"grid\":\"horizontal\",\"grid_gap\":\"small\",\"image_svg_inline\":true,\"link_style\":\"button\",\"link_target\":true,\"margin\":\"default\",\"text_align\":\"center\"},\"children\":[{\"type\":\"social_item\",\"props\":{\"link\":\"https:\\\/\\\/www.instagram.com\\\/twisteditors\\\/\"}},{\"type\":\"social_item\",\"props\":{\"link\":\"https:\\\/\\\/twitter.com\\\/TwistEditors\"}},{\"type\":\"social_item\",\"props\":{\"link\":\"https:\\\/\\\/www.linkedin.com\\\/company\\\/twist-editors\\\/\"}}],\"name\":\"social\"},{\"type\":\"button\",\"props\":{\"animation\":\"scale-up\",\"button_size\":\"small\",\"grid_column_gap\":\"small\",\"grid_row_gap\":\"small\",\"margin\":\"medium\",\"text_align\":\"center\"},\"children\":[{\"type\":\"button_item\",\"props\":{\"button_style\":\"default\",\"content\":\"Avis Legal\",\"icon_align\":\"left\",\"link\":\"ca\\\/avis-legal\\\/\",\"link_target\":\"blank\"}},{\"type\":\"button_item\",\"props\":{\"button_style\":\"default\",\"content\":\"Pol\\u00edtica de privacitat\",\"icon_align\":\"left\",\"link\":\"ca\\\/politica-de-privacitat\\\/\",\"link_target\":\"blank\"}},{\"type\":\"button_item\",\"props\":{\"button_style\":\"default\",\"content\":\"Pol\\u00edtica de cookies\",\"icon_align\":\"left\",\"link\":\"ca\\\/politica-de-cookies\\\/\",\"link_target\":\"blank\"}}]}]}]}]}],\"version\":\"4.3.4\"} --><\/p>\n","protected":false},"excerpt":{"rendered":"<p>twist_1a twist_1a twist_1a A TWIST EDITEM Els ballarins de twist, seguint el mateix ritme i sense fregar-se, converteixen la m\u00fasica en ball. Un, dos, twist. Fem els passos per transformar la teva idea en un llibre. Assessorem, redactem, corregim, tradu\u00efm, dissenyem i maquetem.\u00a0 Cuidem tots els detalls del projecte. Adaptaci\u00f3 animada de\u00a0\u00abHow To Do The [&hellip;]<\/p>\n","protected":false},"author":1,"featured_media":0,"parent":0,"menu_order":0,"comment_status":"closed","ping_status":"closed","template":"","meta":{"footnotes":""},"class_list":["post-250","page","type-page","status-publish","hentry"],"yoast_head":"<!-- This site is optimized with the Yoast SEO plugin v23.6 - https:\/\/yoast.com\/wordpress\/plugins\/seo\/ -->\n<title>Twist Editors - Twist Editors<\/title>\n<meta name=\"robots\" content=\"index, follow, max-snippet:-1, max-image-preview:large, max-video-preview:-1\" \/>\n<link rel=\"canonical\" href=\"https:\/\/twisteditors.com\/ca\/\" \/>\n<meta property=\"og:locale\" content=\"ca_ES\" \/>\n<meta property=\"og:type\" content=\"article\" \/>\n<meta property=\"og:title\" content=\"Twist Editors - Twist Editors\" \/>\n<meta property=\"og:description\" content=\"twist_1a twist_1a twist_1a A TWIST EDITEM Els ballarins de twist, seguint el mateix ritme i sense fregar-se, converteixen la m\u00fasica en ball. Un, dos, twist. Fem els passos per transformar la teva idea en un llibre. Assessorem, redactem, corregim, tradu\u00efm, dissenyem i maquetem.\u00a0 Cuidem tots els detalls del projecte. Adaptaci\u00f3 animada de\u00a0\u00abHow To Do The [&hellip;]\" \/>\n<meta property=\"og:url\" content=\"https:\/\/twisteditors.com\/ca\/\" \/>\n<meta property=\"og:site_name\" content=\"Twist Editors\" \/>\n<meta property=\"article:modified_time\" content=\"2024-03-01T15:02:07+00:00\" \/>\n<meta name=\"twitter:card\" content=\"summary_large_image\" \/>\n<meta name=\"twitter:label1\" content=\"Temps estimat de lectura\" \/>\n\t<meta name=\"twitter:data1\" content=\"1 minut\" \/>\n<script type=\"application\/ld+json\" class=\"yoast-schema-graph\">{\"@context\":\"https:\/\/schema.org\",\"@graph\":[{\"@type\":\"WebPage\",\"@id\":\"https:\/\/twisteditors.com\/ca\/\",\"url\":\"https:\/\/twisteditors.com\/ca\/\",\"name\":\"Twist Editors - Twist Editors\",\"isPartOf\":{\"@id\":\"https:\/\/twisteditors.com\/ca\/#website\"},\"datePublished\":\"2022-10-20T16:33:55+00:00\",\"dateModified\":\"2024-03-01T15:02:07+00:00\",\"breadcrumb\":{\"@id\":\"https:\/\/twisteditors.com\/ca\/#breadcrumb\"},\"inLanguage\":\"ca\",\"potentialAction\":[{\"@type\":\"ReadAction\",\"target\":[\"https:\/\/twisteditors.com\/ca\/\"]}]},{\"@type\":\"BreadcrumbList\",\"@id\":\"https:\/\/twisteditors.com\/ca\/#breadcrumb\",\"itemListElement\":[{\"@type\":\"ListItem\",\"position\":1,\"name\":\"Portada\",\"item\":\"https:\/\/twisteditors.com\/ca\/\"},{\"@type\":\"ListItem\",\"position\":2,\"name\":\"Twist Editors\"}]},{\"@type\":\"WebSite\",\"@id\":\"https:\/\/twisteditors.com\/ca\/#website\",\"url\":\"https:\/\/twisteditors.com\/ca\/\",\"name\":\"Twist Editors\",\"description\":\"En Twist editamos\",\"publisher\":{\"@id\":\"https:\/\/twisteditors.com\/ca\/#organization\"},\"potentialAction\":[{\"@type\":\"SearchAction\",\"target\":{\"@type\":\"EntryPoint\",\"urlTemplate\":\"https:\/\/twisteditors.com\/ca\/?s={search_term_string}\"},\"query-input\":{\"@type\":\"PropertyValueSpecification\",\"valueRequired\":true,\"valueName\":\"search_term_string\"}}],\"inLanguage\":\"ca\"},{\"@type\":\"Organization\",\"@id\":\"https:\/\/twisteditors.com\/ca\/#organization\",\"name\":\"Twist Editors\",\"url\":\"https:\/\/twisteditors.com\/ca\/\",\"logo\":{\"@type\":\"ImageObject\",\"inLanguage\":\"ca\",\"@id\":\"https:\/\/twisteditors.com\/ca\/#\/schema\/logo\/image\/\",\"url\":\"https:\/\/twisteditors.com\/wp-content\/uploads\/2022\/10\/logo_twist_editors.svg\",\"contentUrl\":\"https:\/\/twisteditors.com\/wp-content\/uploads\/2022\/10\/logo_twist_editors.svg\",\"width\":1,\"height\":1,\"caption\":\"Twist Editors\"},\"image\":{\"@id\":\"https:\/\/twisteditors.com\/ca\/#\/schema\/logo\/image\/\"}}]}<\/script>\n<!-- \/ Yoast SEO plugin. -->","yoast_head_json":{"title":"Twist Editors - Twist Editors","robots":{"index":"index","follow":"follow","max-snippet":"max-snippet:-1","max-image-preview":"max-image-preview:large","max-video-preview":"max-video-preview:-1"},"canonical":"https:\/\/twisteditors.com\/ca\/","og_locale":"ca_ES","og_type":"article","og_title":"Twist Editors - Twist Editors","og_description":"twist_1a twist_1a twist_1a A TWIST EDITEM Els ballarins de twist, seguint el mateix ritme i sense fregar-se, converteixen la m\u00fasica en ball. Un, dos, twist. Fem els passos per transformar la teva idea en un llibre. Assessorem, redactem, corregim, tradu\u00efm, dissenyem i maquetem.\u00a0 Cuidem tots els detalls del projecte. Adaptaci\u00f3 animada de\u00a0\u00abHow To Do The [&hellip;]","og_url":"https:\/\/twisteditors.com\/ca\/","og_site_name":"Twist Editors","article_modified_time":"2024-03-01T15:02:07+00:00","twitter_card":"summary_large_image","twitter_misc":{"Temps estimat de lectura":"1 minut"},"schema":{"@context":"https:\/\/schema.org","@graph":[{"@type":"WebPage","@id":"https:\/\/twisteditors.com\/ca\/","url":"https:\/\/twisteditors.com\/ca\/","name":"Twist Editors - Twist Editors","isPartOf":{"@id":"https:\/\/twisteditors.com\/ca\/#website"},"datePublished":"2022-10-20T16:33:55+00:00","dateModified":"2024-03-01T15:02:07+00:00","breadcrumb":{"@id":"https:\/\/twisteditors.com\/ca\/#breadcrumb"},"inLanguage":"ca","potentialAction":[{"@type":"ReadAction","target":["https:\/\/twisteditors.com\/ca\/"]}]},{"@type":"BreadcrumbList","@id":"https:\/\/twisteditors.com\/ca\/#breadcrumb","itemListElement":[{"@type":"ListItem","position":1,"name":"Portada","item":"https:\/\/twisteditors.com\/ca\/"},{"@type":"ListItem","position":2,"name":"Twist Editors"}]},{"@type":"WebSite","@id":"https:\/\/twisteditors.com\/ca\/#website","url":"https:\/\/twisteditors.com\/ca\/","name":"Twist Editors","description":"En Twist editamos","publisher":{"@id":"https:\/\/twisteditors.com\/ca\/#organization"},"potentialAction":[{"@type":"SearchAction","target":{"@type":"EntryPoint","urlTemplate":"https:\/\/twisteditors.com\/ca\/?s={search_term_string}"},"query-input":{"@type":"PropertyValueSpecification","valueRequired":true,"valueName":"search_term_string"}}],"inLanguage":"ca"},{"@type":"Organization","@id":"https:\/\/twisteditors.com\/ca\/#organization","name":"Twist Editors","url":"https:\/\/twisteditors.com\/ca\/","logo":{"@type":"ImageObject","inLanguage":"ca","@id":"https:\/\/twisteditors.com\/ca\/#\/schema\/logo\/image\/","url":"https:\/\/twisteditors.com\/wp-content\/uploads\/2022\/10\/logo_twist_editors.svg","contentUrl":"https:\/\/twisteditors.com\/wp-content\/uploads\/2022\/10\/logo_twist_editors.svg","width":1,"height":1,"caption":"Twist Editors"},"image":{"@id":"https:\/\/twisteditors.com\/ca\/#\/schema\/logo\/image\/"}}]}},"_links":{"self":[{"href":"https:\/\/twisteditors.com\/ca\/wp-json\/wp\/v2\/pages\/250"}],"collection":[{"href":"https:\/\/twisteditors.com\/ca\/wp-json\/wp\/v2\/pages"}],"about":[{"href":"https:\/\/twisteditors.com\/ca\/wp-json\/wp\/v2\/types\/page"}],"author":[{"embeddable":true,"href":"https:\/\/twisteditors.com\/ca\/wp-json\/wp\/v2\/users\/1"}],"replies":[{"embeddable":true,"href":"https:\/\/twisteditors.com\/ca\/wp-json\/wp\/v2\/comments?post=250"}],"version-history":[{"count":18,"href":"https:\/\/twisteditors.com\/ca\/wp-json\/wp\/v2\/pages\/250\/revisions"}],"predecessor-version":[{"id":325,"href":"https:\/\/twisteditors.com\/ca\/wp-json\/wp\/v2\/pages\/250\/revisions\/325"}],"wp:attachment":[{"href":"https:\/\/twisteditors.com\/ca\/wp-json\/wp\/v2\/media?parent=250"}],"curies":[{"name":"wp","href":"https:\/\/api.w.org\/{rel}","templated":true}]}}