{"id":301,"date":"2024-01-19T16:12:48","date_gmt":"2024-01-19T16:12:48","guid":{"rendered":"https:\/\/twisteditors.com\/aviso-legal\/"},"modified":"2024-01-19T17:38:11","modified_gmt":"2024-01-19T17:38:11","slug":"avis-legal","status":"publish","type":"page","link":"https:\/\/twisteditors.com\/ca\/avis-legal\/","title":{"rendered":"Avis Legal"},"content":{"rendered":"<div>\n<h4>DADES D&#8217;IDENTIFICACI\u00d3<\/h4>\n<p>\nVost\u00e8 est\u00e0 visitant la p\u00e0gina web https:\/\/twisteditors.com\/ de TWIST EDITORS SCCL (d&#8217;ara endavant, Twist Editors).<\/p>\n<p>Domicili Social: C\/ Diputaci\u00f3 118, 08015 Barcelona.<br \/>\nTel\u00e8fon: +34 699 77 44 46<br \/>\nE-mail: info@twisteditors.com<\/p>\n<p>Dades mercantils: Societat Cooperativa Catalana Limitada, inscrita amb el n\u00famero 15984 del Registre de Cooperatives de la Generalitat de Catalunya.\n<\/p>\n<\/div>\n<p><!--more--><br \/>\n<!-- {\"type\":\"layout\",\"children\":[{\"type\":\"section\",\"props\":{\"image_position\":\"center-center\",\"style\":\"default\",\"title_breakpoint\":\"xl\",\"title_position\":\"top-left\",\"title_rotation\":\"left\",\"vertical_align\":\"middle\",\"width\":\"default\"},\"children\":[{\"type\":\"row\",\"children\":[{\"type\":\"column\",\"props\":{\"image_position\":\"center-center\",\"media_overlay_gradient\":\"\",\"position_sticky_breakpoint\":\"m\"},\"children\":[{\"type\":\"text\",\"props\":{\"block_align\":\"center\",\"column_breakpoint\":\"m\",\"content\":\"\n\n<h4>DADES D'IDENTIFICACI\\u00d3<\\\/h4>\\n\n\n<p>\\nVost\\u00e8 est\\u00e0 visitant la p\\u00e0gina web https:\\\/\\\/twisteditors.com\\\/ de TWIST EDITORS SCCL (d'ara endavant, Twist Editors).<\\\/p>\\n\\n\n\n<p>Domicili Social: C\\\/ Diputaci\\u00f3 118, 08015 Barcelona.<br \/>\\nTel\\u00e8fon: +34 699 77 44 46<br \/>\\nE-mail: info@twisteditors.com<\\\/p>  \\n\\n\n\n<p>Dades mercantils: Societat Cooperativa Catalana Limitada, inscrita amb el n\\u00famero 15984 del Registre de Cooperatives de la Generalitat de Catalunya.\\n<\\\/p>\\n\\n\",\"margin\":\"default\",\"maxwidth\":\"2xlarge\"}}]}]}]}],\"version\":\"3.0.17\"} --><\/p>\n","protected":false},"excerpt":{"rendered":"<p>DADES D&#8217;IDENTIFICACI\u00d3 Vost\u00e8 est\u00e0 visitant la p\u00e0gina web https:\/\/twisteditors.com\/ de TWIST EDITORS SCCL (d&#8217;ara endavant, Twist Editors). Domicili Social: C\/ Diputaci\u00f3 118, 08015 Barcelona. Tel\u00e8fon: +34 699 77 44 46 E-mail: info@twisteditors.com Dades mercantils: Societat Cooperativa Catalana Limitada, inscrita amb el n\u00famero 15984 del Registre de Cooperatives de la Generalitat de Catalunya.<\/p>\n","protected":false},"author":1,"featured_media":0,"parent":0,"menu_order":0,"comment_status":"closed","ping_status":"closed","template":"","meta":{"footnotes":""},"class_list":["post-301","page","type-page","status-publish","hentry"],"yoast_head":"<!-- This site is optimized with the Yoast SEO plugin v23.6 - https:\/\/yoast.com\/wordpress\/plugins\/seo\/ -->\n<title>Avis Legal - Twist Editors<\/title>\n<meta name=\"robots\" content=\"index, follow, max-snippet:-1, max-image-preview:large, max-video-preview:-1\" \/>\n<link rel=\"canonical\" href=\"https:\/\/twisteditors.com\/ca\/avis-legal\/\" \/>\n<meta property=\"og:locale\" content=\"ca_ES\" \/>\n<meta property=\"og:type\" content=\"article\" \/>\n<meta property=\"og:title\" content=\"Avis Legal - Twist Editors\" \/>\n<meta property=\"og:description\" content=\"DADES D&#8217;IDENTIFICACI\u00d3 Vost\u00e8 est\u00e0 visitant la p\u00e0gina web https:\/\/twisteditors.com\/ de TWIST EDITORS SCCL (d&#8217;ara endavant, Twist Editors). Domicili Social: C\/ Diputaci\u00f3 118, 08015 Barcelona. Tel\u00e8fon: +34 699 77 44 46 E-mail: info@twisteditors.com Dades mercantils: Societat Cooperativa Catalana Limitada, inscrita amb el n\u00famero 15984 del Registre de Cooperatives de la Generalitat de Catalunya.\" \/>\n<meta property=\"og:url\" content=\"https:\/\/twisteditors.com\/ca\/avis-legal\/\" \/>\n<meta property=\"og:site_name\" content=\"Twist Editors\" \/>\n<meta property=\"article:modified_time\" content=\"2024-01-19T17:38:11+00:00\" \/>\n<meta name=\"twitter:card\" content=\"summary_large_image\" \/>\n<meta name=\"twitter:label1\" content=\"Temps estimat de lectura\" \/>\n\t<meta name=\"twitter:data1\" content=\"1 minut\" \/>\n<script type=\"application\/ld+json\" class=\"yoast-schema-graph\">{\"@context\":\"https:\/\/schema.org\",\"@graph\":[{\"@type\":\"WebPage\",\"@id\":\"https:\/\/twisteditors.com\/ca\/avis-legal\/\",\"url\":\"https:\/\/twisteditors.com\/ca\/avis-legal\/\",\"name\":\"Avis Legal - Twist Editors\",\"isPartOf\":{\"@id\":\"https:\/\/twisteditors.com\/ca\/#website\"},\"datePublished\":\"2024-01-19T16:12:48+00:00\",\"dateModified\":\"2024-01-19T17:38:11+00:00\",\"breadcrumb\":{\"@id\":\"https:\/\/twisteditors.com\/ca\/avis-legal\/#breadcrumb\"},\"inLanguage\":\"ca\",\"potentialAction\":[{\"@type\":\"ReadAction\",\"target\":[\"https:\/\/twisteditors.com\/ca\/avis-legal\/\"]}]},{\"@type\":\"BreadcrumbList\",\"@id\":\"https:\/\/twisteditors.com\/ca\/avis-legal\/#breadcrumb\",\"itemListElement\":[{\"@type\":\"ListItem\",\"position\":1,\"name\":\"Portada\",\"item\":\"https:\/\/twisteditors.com\/ca\/\"},{\"@type\":\"ListItem\",\"position\":2,\"name\":\"Avis Legal\"}]},{\"@type\":\"WebSite\",\"@id\":\"https:\/\/twisteditors.com\/ca\/#website\",\"url\":\"https:\/\/twisteditors.com\/ca\/\",\"name\":\"Twist Editors\",\"description\":\"En Twist editamos\",\"publisher\":{\"@id\":\"https:\/\/twisteditors.com\/ca\/#organization\"},\"potentialAction\":[{\"@type\":\"SearchAction\",\"target\":{\"@type\":\"EntryPoint\",\"urlTemplate\":\"https:\/\/twisteditors.com\/ca\/?s={search_term_string}\"},\"query-input\":{\"@type\":\"PropertyValueSpecification\",\"valueRequired\":true,\"valueName\":\"search_term_string\"}}],\"inLanguage\":\"ca\"},{\"@type\":\"Organization\",\"@id\":\"https:\/\/twisteditors.com\/ca\/#organization\",\"name\":\"Twist Editors\",\"url\":\"https:\/\/twisteditors.com\/ca\/\",\"logo\":{\"@type\":\"ImageObject\",\"inLanguage\":\"ca\",\"@id\":\"https:\/\/twisteditors.com\/ca\/#\/schema\/logo\/image\/\",\"url\":\"https:\/\/twisteditors.com\/wp-content\/uploads\/2022\/10\/logo_twist_editors.svg\",\"contentUrl\":\"https:\/\/twisteditors.com\/wp-content\/uploads\/2022\/10\/logo_twist_editors.svg\",\"width\":1,\"height\":1,\"caption\":\"Twist Editors\"},\"image\":{\"@id\":\"https:\/\/twisteditors.com\/ca\/#\/schema\/logo\/image\/\"}}]}<\/script>\n<!-- \/ Yoast SEO plugin. -->","yoast_head_json":{"title":"Avis Legal - Twist Editors","robots":{"index":"index","follow":"follow","max-snippet":"max-snippet:-1","max-image-preview":"max-image-preview:large","max-video-preview":"max-video-preview:-1"},"canonical":"https:\/\/twisteditors.com\/ca\/avis-legal\/","og_locale":"ca_ES","og_type":"article","og_title":"Avis Legal - Twist Editors","og_description":"DADES D&#8217;IDENTIFICACI\u00d3 Vost\u00e8 est\u00e0 visitant la p\u00e0gina web https:\/\/twisteditors.com\/ de TWIST EDITORS SCCL (d&#8217;ara endavant, Twist Editors). Domicili Social: C\/ Diputaci\u00f3 118, 08015 Barcelona. Tel\u00e8fon: +34 699 77 44 46 E-mail: info@twisteditors.com Dades mercantils: Societat Cooperativa Catalana Limitada, inscrita amb el n\u00famero 15984 del Registre de Cooperatives de la Generalitat de Catalunya.","og_url":"https:\/\/twisteditors.com\/ca\/avis-legal\/","og_site_name":"Twist Editors","article_modified_time":"2024-01-19T17:38:11+00:00","twitter_card":"summary_large_image","twitter_misc":{"Temps estimat de lectura":"1 minut"},"schema":{"@context":"https:\/\/schema.org","@graph":[{"@type":"WebPage","@id":"https:\/\/twisteditors.com\/ca\/avis-legal\/","url":"https:\/\/twisteditors.com\/ca\/avis-legal\/","name":"Avis Legal - Twist Editors","isPartOf":{"@id":"https:\/\/twisteditors.com\/ca\/#website"},"datePublished":"2024-01-19T16:12:48+00:00","dateModified":"2024-01-19T17:38:11+00:00","breadcrumb":{"@id":"https:\/\/twisteditors.com\/ca\/avis-legal\/#breadcrumb"},"inLanguage":"ca","potentialAction":[{"@type":"ReadAction","target":["https:\/\/twisteditors.com\/ca\/avis-legal\/"]}]},{"@type":"BreadcrumbList","@id":"https:\/\/twisteditors.com\/ca\/avis-legal\/#breadcrumb","itemListElement":[{"@type":"ListItem","position":1,"name":"Portada","item":"https:\/\/twisteditors.com\/ca\/"},{"@type":"ListItem","position":2,"name":"Avis Legal"}]},{"@type":"WebSite","@id":"https:\/\/twisteditors.com\/ca\/#website","url":"https:\/\/twisteditors.com\/ca\/","name":"Twist Editors","description":"En Twist editamos","publisher":{"@id":"https:\/\/twisteditors.com\/ca\/#organization"},"potentialAction":[{"@type":"SearchAction","target":{"@type":"EntryPoint","urlTemplate":"https:\/\/twisteditors.com\/ca\/?s={search_term_string}"},"query-input":{"@type":"PropertyValueSpecification","valueRequired":true,"valueName":"search_term_string"}}],"inLanguage":"ca"},{"@type":"Organization","@id":"https:\/\/twisteditors.com\/ca\/#organization","name":"Twist Editors","url":"https:\/\/twisteditors.com\/ca\/","logo":{"@type":"ImageObject","inLanguage":"ca","@id":"https:\/\/twisteditors.com\/ca\/#\/schema\/logo\/image\/","url":"https:\/\/twisteditors.com\/wp-content\/uploads\/2022\/10\/logo_twist_editors.svg","contentUrl":"https:\/\/twisteditors.com\/wp-content\/uploads\/2022\/10\/logo_twist_editors.svg","width":1,"height":1,"caption":"Twist Editors"},"image":{"@id":"https:\/\/twisteditors.com\/ca\/#\/schema\/logo\/image\/"}}]}},"_links":{"self":[{"href":"https:\/\/twisteditors.com\/ca\/wp-json\/wp\/v2\/pages\/301"}],"collection":[{"href":"https:\/\/twisteditors.com\/ca\/wp-json\/wp\/v2\/pages"}],"about":[{"href":"https:\/\/twisteditors.com\/ca\/wp-json\/wp\/v2\/types\/page"}],"author":[{"embeddable":true,"href":"https:\/\/twisteditors.com\/ca\/wp-json\/wp\/v2\/users\/1"}],"replies":[{"embeddable":true,"href":"https:\/\/twisteditors.com\/ca\/wp-json\/wp\/v2\/comments?post=301"}],"version-history":[{"count":4,"href":"https:\/\/twisteditors.com\/ca\/wp-json\/wp\/v2\/pages\/301\/revisions"}],"predecessor-version":[{"id":312,"href":"https:\/\/twisteditors.com\/ca\/wp-json\/wp\/v2\/pages\/301\/revisions\/312"}],"wp:attachment":[{"href":"https:\/\/twisteditors.com\/ca\/wp-json\/wp\/v2\/media?parent=301"}],"curies":[{"name":"wp","href":"https:\/\/api.w.org\/{rel}","templated":true}]}}